{"id":3718,"date":"2024-09-25T15:58:01","date_gmt":"2024-09-25T23:58:01","guid":{"rendered":"https:\/\/pradotaxservices.com\/condiciones-de-uso\/"},"modified":"2024-12-27T11:11:50","modified_gmt":"2024-12-27T19:11:50","slug":"condiciones-de-uso","status":"publish","type":"page","link":"https:\/\/pradotaxservices.com\/es\/condiciones-de-uso\/","title":{"rendered":"Condiciones de Uso"},"content":{"rendered":"\t\t<div data-elementor-type=\"wp-page\" data-elementor-id=\"3718\" class=\"elementor elementor-3718 elementor-2523\" data-elementor-settings=\"{&quot;ha_cmc_init_switcher&quot;:&quot;no&quot;}\" data-elementor-post-type=\"page\">\n\t\t\t\t\t\t<section class=\"has_eae_slider elementor-section elementor-top-section elementor-element elementor-element-d572d8d elementor-section-boxed elementor-section-height-default elementor-section-height-default\" data-eae-slider=\"33352\" data-id=\"d572d8d\" data-element_type=\"section\" data-e-type=\"section\" data-settings=\"{&quot;_ha_eqh_enable&quot;:false}\">\n\t\t\t\t\t\t<div class=\"elementor-container elementor-column-gap-default\">\n\t\t\t\t\t<div class=\"has_eae_slider elementor-column elementor-col-100 elementor-top-column elementor-element elementor-element-bc77025\" data-eae-slider=\"25348\" data-id=\"bc77025\" data-element_type=\"column\" data-e-type=\"column\">\n\t\t\t<div class=\"elementor-widget-wrap elementor-element-populated\">\n\t\t\t\t\t\t<div class=\"elementor-element elementor-element-d27946d elementor-widget elementor-widget-heading\" data-id=\"d27946d\" data-element_type=\"widget\" data-e-type=\"widget\" data-widget_type=\"heading.default\">\n\t\t\t\t<div class=\"elementor-widget-container\">\n\t\t\t\t\t<h2 class=\"elementor-heading-title elementor-size-default\">T\u00e9rminos y Condiciones<\/h2>\t\t\t\t<\/div>\n\t\t\t\t<\/div>\n\t\t\t\t<div class=\"elementor-element elementor-element-415ffb7 elementor-widget elementor-widget-text-editor\" data-id=\"415ffb7\" data-element_type=\"widget\" data-e-type=\"widget\" data-widget_type=\"text-editor.default\">\n\t\t\t\t<div class=\"elementor-widget-container\">\n\t\t\t\t\t\t\t\t\t<p style=\"font-weight: 400;\">Bienvenido a Prado Tax Services. Al acceder o utilizar nuestra p\u00e1gina web, usted acepta someterse a las siguientes condiciones de uso Poliza de Privacidad. <\/p>\n<ol>\n<li><strong>Amplitud de servicios<br \/><\/strong><span style=\"font-size: 16px;\">Prado Tax Services proporciona servicios profesionales de preparaci\u00f3n, planificaci\u00f3n y asesoramiento fiscal a particulares y empresas. Nuestros servicios est\u00e1n sujetos a los t\u00e9rminos y condiciones aqu\u00ed expuestos, as\u00ed como a los incluidos en el Acuerdo de Servicio de Preparaci\u00f3n de Impuestos que se le proporciona cuando se suscribe para utilizar nuestros servicios. <\/span><\/li>\n<\/ol>\n<ol start=\"2\">\n<li><strong>Responsabilidades del usuario<br \/><\/strong><span style=\"font-size: 16px;\">Usted es responsable de proporcionar la informaci\u00f3n precisa y completa necesaria para que podamos llevar a cabo nuestros servicios. Usted acepta cooperar con nuestro personal y responder con prontitud a cualquier solicitud de informaci\u00f3n o documentaci\u00f3n adicional. Es posible que se le solicite que se registre para someter documentaci\u00f3n fiscal y personal utilizando nuestra plataforma electr\u00f3nica. Como tal, se compromete a mantener la confidencialidad de su contrase\u00f1a y ser\u00e1 responsable de todo uso que se haga de su cuenta y contrase\u00f1a. Nos reservamos el derecho a eliminar, reclamar o cambiar un nombre de usuario que usted seleccione si determinamos, a nuestra entera discreci\u00f3n, que dicho nombre de usuario es inapropiado, obsceno o censurable por cualquier otro motivo.    <\/span><\/li>\n<\/ol>\n<ol start=\"3\">\n<li><strong>Quotas y Pagos<br \/><\/strong><span style=\"font-size: 16px;\">El precio de nuestro servicio se basa en la complejidad de su situaci\u00f3n fiscal. Todos los costos deben ser pagados en su totalidad antes de la presentaci\u00f3n de su declaraci\u00f3n de impuestos. Aceptamos varios m\u00e9todos de pago, incluyendo tarjetas de cr\u00e9dito\/d\u00e9bito, transferencias bancarias electr\u00f3nicas y cheques.  <\/span><\/li>\n<\/ol>\n<ol start=\"4\">\n<li><strong>Confidencialidad<br \/><\/strong><span style=\"font-size: 16px;\">Nos tomamos muy en serio la privacidad y confidencialidad de su informaci\u00f3n personal y financiera. Todos los datos de los clientes son estrictamente confidenciales y no se compartir\u00e1n con terceros sin su consentimiento expreso. Consulte nuestra Pol\u00edtica de privacidad para obtener informaci\u00f3n adicional.  <\/span><\/li>\n<\/ol>\n<ol start=\"5\">\n<li><strong>Limitaci\u00f3n de responsabilidad<br \/><\/strong><span style=\"font-size: 16px;\">Prado Tax Services no ser\u00e1 responsable de las p\u00e9rdidas, da\u00f1os o reclamaciones que se deriven del uso que usted haga de nuestros servicios o de nuestra p\u00e1gina web. Nuestra responsabilidad m\u00e1xima no exceder\u00e1 los honorarios pagados por los servicios espec\u00edficos prestados. <\/span><\/li>\n<\/ol>\n<ol start=\"6\">\n<li><strong>Ley aplicable<br \/><\/strong><span style=\"font-size: 16px;\">Estas condiciones de uso se regir\u00e1n e interpretar\u00e1n de acuerdo con las leyes de California, EE.UU.. Cualquier disputa se resolver\u00e1 mediante arbitraje vinculante en el condado de Alameda. <\/span><\/li>\n<\/ol>\n<ol start=\"7\">\n<li><strong>Contenido publicado<br \/><\/strong>El contenido, las mejores pr\u00e1cticas y las normas del sector publicadas en nuestro sitio web tienen expl\u00edcitamente fines informativos y no deben considerarse ni utilizarse como asesoramiento jur\u00eddico, financiero y fiscal por parte de particulares o empresas. Para obtener asesoramiento jur\u00eddico, financiero y\/o fiscal, debe consultar siempre a un contador p\u00fablico o a un abogado.\n<\/li>\n<li><strong>Informaci\u00f3n de contacto<br \/><\/strong><span style=\"font-size: 16px;\">Si tiene alguna pregunta o duda, p\u00f3ngase en contacto con nosotros a trav\u00e9s del formulario de <a href=\"https:\/\/pradotaxservices.com\/es\/contacta-con-nosotros\/#contactUs\">contacto<\/a> de nuestra p\u00e1gina web, o escribi\u00e9ndonos a:<\/span><\/li>\n<\/ol>\n<p style=\"font-weight: 400;\">             <strong>Prado Tax Services<\/strong><br \/>2336 Merced St.<br \/>San Leandro, California 94577<\/p>\n\t\t\t\t\t\t\t\t<\/div>\n\t\t\t\t<\/div>\n\t\t\t\t\t<\/div>\n\t\t<\/div>\n\t\t\t\t\t<\/div>\n\t\t<\/section>\n\t\t\t\t<\/div>\n\t\t","protected":false},"excerpt":{"rendered":"<p>T\u00e9rminos y Condiciones Bienvenido a Prado Tax Services. Al acceder o utilizar nuestra p\u00e1gina web, usted acepta someterse a las siguientes condiciones de uso Poliza de Privacidad. Amplitud de serviciosPrado Tax Services proporciona servicios profesionales de preparaci\u00f3n, planificaci\u00f3n y asesoramiento fiscal a particulares y empresas. Nuestros servicios est\u00e1n sujetos a los t\u00e9rminos y condiciones aqu\u00ed [&hellip;]<\/p>\n","protected":false},"author":2,"featured_media":0,"parent":0,"menu_order":0,"comment_status":"closed","ping_status":"closed","template":"","meta":{"site-sidebar-layout":"no-sidebar","site-content-layout":"page-builder","ast-site-content-layout":"full-width-container","site-content-style":"default","site-sidebar-style":"default","ast-global-header-display":"","ast-banner-title-visibility":"","ast-main-header-display":"","ast-hfb-above-header-display":"","ast-hfb-below-header-display":"","ast-hfb-mobile-header-display":"","site-post-title":"disabled","ast-breadcrumbs-content":"","ast-featured-img":"disabled","footer-sml-layout":"","ast-disable-related-posts":"","theme-transparent-header-meta":"","adv-header-id-meta":"","stick-header-meta":"","header-above-stick-meta":"","header-main-stick-meta":"","header-below-stick-meta":"","astra-migrate-meta-layouts":"default","ast-page-background-enabled":"default","ast-page-background-meta":{"desktop":{"background-color":"","background-image":"","background-repeat":"repeat","background-position":"center center","background-size":"auto","background-attachment":"scroll","background-type":"","background-media":"","overlay-type":"","overlay-color":"","overlay-opacity":"","overlay-gradient":""},"tablet":{"background-color":"","background-image":"","background-repeat":"repeat","background-position":"center center","background-size":"auto","background-attachment":"scroll","background-type":"","background-media":"","overlay-type":"","overlay-color":"","overlay-opacity":"","overlay-gradient":""},"mobile":{"background-color":"","background-image":"","background-repeat":"repeat","background-position":"center center","background-size":"auto","background-attachment":"scroll","background-type":"","background-media":"","overlay-type":"","overlay-color":"","overlay-opacity":"","overlay-gradient":""}},"ast-content-background-meta":{"desktop":{"background-color":"var(--ast-global-color-5)","background-image":"","background-repeat":"repeat","background-position":"center center","background-size":"auto","background-attachment":"scroll","background-type":"","background-media":"","overlay-type":"","overlay-color":"","overlay-opacity":"","overlay-gradient":""},"tablet":{"background-color":"var(--ast-global-color-5)","background-image":"","background-repeat":"repeat","background-position":"center center","background-size":"auto","background-attachment":"scroll","background-type":"","background-media":"","overlay-type":"","overlay-color":"","overlay-opacity":"","overlay-gradient":""},"mobile":{"background-color":"var(--ast-global-color-5)","background-image":"","background-repeat":"repeat","background-position":"center center","background-size":"auto","background-attachment":"scroll","background-type":"","background-media":"","overlay-type":"","overlay-color":"","overlay-opacity":"","overlay-gradient":""}},"footnotes":""},"class_list":["post-3718","page","type-page","status-publish","hentry"],"jetpack_sharing_enabled":true,"_links":{"self":[{"href":"https:\/\/pradotaxservices.com\/es\/wp-json\/wp\/v2\/pages\/3718","targetHints":{"allow":["GET"]}}],"collection":[{"href":"https:\/\/pradotaxservices.com\/es\/wp-json\/wp\/v2\/pages"}],"about":[{"href":"https:\/\/pradotaxservices.com\/es\/wp-json\/wp\/v2\/types\/page"}],"author":[{"embeddable":true,"href":"https:\/\/pradotaxservices.com\/es\/wp-json\/wp\/v2\/users\/2"}],"replies":[{"embeddable":true,"href":"https:\/\/pradotaxservices.com\/es\/wp-json\/wp\/v2\/comments?post=3718"}],"version-history":[{"count":3,"href":"https:\/\/pradotaxservices.com\/es\/wp-json\/wp\/v2\/pages\/3718\/revisions"}],"predecessor-version":[{"id":3768,"href":"https:\/\/pradotaxservices.com\/es\/wp-json\/wp\/v2\/pages\/3718\/revisions\/3768"}],"wp:attachment":[{"href":"https:\/\/pradotaxservices.com\/es\/wp-json\/wp\/v2\/media?parent=3718"}],"curies":[{"name":"wp","href":"https:\/\/api.w.org\/{rel}","templated":true}]}}