{"id":3725,"date":"2024-10-12T00:01:03","date_gmt":"2024-10-12T08:01:03","guid":{"rendered":"https:\/\/pradotaxservices.com\/politica-de-privacidad\/"},"modified":"2024-12-27T11:03:44","modified_gmt":"2024-12-27T19:03:44","slug":"politica-de-privacidad","status":"publish","type":"page","link":"https:\/\/pradotaxservices.com\/es\/politica-de-privacidad\/","title":{"rendered":"Poliza de Privacidad"},"content":{"rendered":"\t\t<div data-elementor-type=\"wp-page\" data-elementor-id=\"3725\" class=\"elementor elementor-3725 elementor-3065\" data-elementor-settings=\"{&quot;ha_cmc_init_switcher&quot;:&quot;no&quot;}\" data-elementor-post-type=\"page\">\n\t\t\t\t\t\t<section class=\"has_eae_slider elementor-section elementor-top-section elementor-element elementor-element-d3a9406 elementor-section-boxed elementor-section-height-default elementor-section-height-default\" data-eae-slider=\"70495\" data-id=\"d3a9406\" data-element_type=\"section\" data-e-type=\"section\" data-settings=\"{&quot;_ha_eqh_enable&quot;:false}\">\n\t\t\t\t\t\t<div class=\"elementor-container elementor-column-gap-default\">\n\t\t\t\t\t<div class=\"has_eae_slider elementor-column elementor-col-100 elementor-top-column elementor-element elementor-element-d12c82e\" data-eae-slider=\"67981\" data-id=\"d12c82e\" data-element_type=\"column\" data-e-type=\"column\">\n\t\t\t<div class=\"elementor-widget-wrap elementor-element-populated\">\n\t\t\t\t\t\t<div class=\"elementor-element elementor-element-20df99d elementor-widget elementor-widget-heading\" data-id=\"20df99d\" data-element_type=\"widget\" data-e-type=\"widget\" data-widget_type=\"heading.default\">\n\t\t\t\t<div class=\"elementor-widget-container\">\n\t\t\t\t\t<h2 class=\"elementor-heading-title elementor-size-default\">Poliza de privacidad<\/h2>\t\t\t\t<\/div>\n\t\t\t\t<\/div>\n\t\t\t\t\t<\/div>\n\t\t<\/div>\n\t\t\t\t\t<\/div>\n\t\t<\/section>\n\t\t\t\t<section class=\"has_eae_slider elementor-section elementor-top-section elementor-element elementor-element-25cd626 elementor-section-boxed elementor-section-height-default elementor-section-height-default\" data-eae-slider=\"26663\" data-id=\"25cd626\" data-element_type=\"section\" data-e-type=\"section\" data-settings=\"{&quot;_ha_eqh_enable&quot;:false}\">\n\t\t\t\t\t\t<div class=\"elementor-container elementor-column-gap-default\">\n\t\t\t\t\t<div class=\"has_eae_slider elementor-column elementor-col-100 elementor-top-column elementor-element elementor-element-f03d3bc\" data-eae-slider=\"51029\" data-id=\"f03d3bc\" data-element_type=\"column\" data-e-type=\"column\">\n\t\t\t<div class=\"elementor-widget-wrap elementor-element-populated\">\n\t\t\t\t\t\t<div class=\"elementor-element elementor-element-aeca48e elementor-widget elementor-widget-text-editor\" data-id=\"aeca48e\" data-element_type=\"widget\" data-e-type=\"widget\" data-widget_type=\"text-editor.default\">\n\t\t\t\t<div class=\"elementor-widget-container\">\n\t\t\t\t\t\t\t\t\t<p style=\"font-weight: 400;\">Prado Tax Services se compromete a proteger la privacidad y seguridad de su informaci\u00f3n personal. Su confianza y seguridad son importantes para nosotros. Por esa raz\u00f3n, esta poliza de privacidad describe c\u00f3mo recogemos, utilizamos y salvaguardamos la informaci\u00f3n que usted nos proporciona. Nuestra pol\u00edtica de privacidad cumple con la Ley Gramm-Leach-Bliley, Ley P\u00fablica 106-102 (FTC 16 CFR Parte 313). Estamos sujetos a normas profesionales de confidencialidad para salvaguardar sus datos.    <\/p>\n<p><strong>Colecci\u00f3n y uso de datos<\/strong><\/p>\n<ul>\n<li style=\"font-weight: 400;\">Recopilamos informaci\u00f3n personal no p\u00fablica sobre usted que nos proporciona u obtenemos con su autorizaci\u00f3n. Esto incluye informaci\u00f3n como su nombre legal, direcci\u00f3n, n\u00famero de tel\u00e9fono, n\u00famero de la seguridad social y datos financieros, con el fin de proporcionarle nuestros servicios de preparaci\u00f3n de impuestos utilizando nuestro portal seguro en l\u00ednea, <sup>ShareFileTM<\/sup>. <\/li>\n<li>La informaci\u00f3n que recopilamos sobre usted se utiliza \u00fanicamente para preparar y presentar sus declaraciones de impuestos y no se comparte con terceros sin su consentimiento. Asimismo, no compartimos con terceros la informaci\u00f3n de consentimiento para comunicaciones electr\u00f3nicas. <\/li>\n<li>Esta informaci\u00f3n puede proceder de diversas fuentes, incluida la informaci\u00f3n que recibimos de entrevistas personales, organizadores fiscales, hojas de trabajo y otros documentos necesarios para prestarle servicios profesionales.<\/li>\n<li>No revelamos ninguna informaci\u00f3n personal no p\u00fablica sobre nuestros clientes o antiguos clientes a nadie, excepto cuando lo permita o lo exija la ley, o cuando sea necesario para procesar las transacciones solicitadas por un cliente.<\/li>\n<\/ul>\n<p style=\"font-weight: 400;\"><strong>Seguridad de los datos<\/strong><\/p>\n<p style=\"font-weight: 400;\">Tomamos amplias medidas para garantizar la confidencialidad y seguridad de su informaci\u00f3n personal.<\/p>\n<ul>\n<li>Todos los datos se almacenan en bases de datos encriptadas y s\u00f3lo tiene acceso a ellos el personal autorizado.<\/li>\n<li>Utilizamos protocolos de seguridad est\u00e1ndar de la industria para proteger su informaci\u00f3n durante la transmisi\u00f3n.<\/li>\n<li>Restringimos el acceso a la informaci\u00f3n personal no p\u00fablica sobre usted a los miembros de nuestra empresa que necesitan conocer dicha informaci\u00f3n para prestarle servicios profesionales.<\/li>\n<\/ul>\n<p style=\"font-weight: 400;\"><strong>Conservaci\u00f3n de datos<\/strong><\/p>\n<p style=\"font-weight: 400;\">Conservamos los registros relativos a los servicios profesionales que prestamos de acuerdo con las normas contables y gubernamentales y los estatutos de limitacion.<\/p>\n<p style=\"font-weight: 400;\"><strong>Sus derechos<\/strong><\/p>\n<p style=\"font-weight: 400;\">Tiene derecho a acceder a su informaci\u00f3n personal, actualizarla o eliminarla en cualquier momento. Si tiene alguna pregunta o duda sobre nuestras pr\u00e1cticas de privacidad, no dude en ponerse en contacto con nosotros. <\/p>\n<p><\/p>\n<p><\/p>\n\t\t\t\t\t\t\t\t<\/div>\n\t\t\t\t<\/div>\n\t\t\t\t\t<\/div>\n\t\t<\/div>\n\t\t\t\t\t<\/div>\n\t\t<\/section>\n\t\t\t\t<\/div>\n\t\t","protected":false},"excerpt":{"rendered":"<p>Poliza de privacidad Prado Tax Services se compromete a proteger la privacidad y seguridad de su informaci\u00f3n personal. Su confianza y seguridad son importantes para nosotros. Por esa raz\u00f3n, esta poliza de privacidad describe c\u00f3mo recogemos, utilizamos y salvaguardamos la informaci\u00f3n que usted nos proporciona. Nuestra pol\u00edtica de privacidad cumple con la Ley Gramm-Leach-Bliley, Ley [&hellip;]<\/p>\n","protected":false},"author":2,"featured_media":0,"parent":0,"menu_order":0,"comment_status":"closed","ping_status":"closed","template":"","meta":{"site-sidebar-layout":"no-sidebar","site-content-layout":"page-builder","ast-site-content-layout":"full-width-container","site-content-style":"default","site-sidebar-style":"default","ast-global-header-display":"","ast-banner-title-visibility":"","ast-main-header-display":"","ast-hfb-above-header-display":"","ast-hfb-below-header-display":"","ast-hfb-mobile-header-display":"","site-post-title":"disabled","ast-breadcrumbs-content":"","ast-featured-img":"disabled","footer-sml-layout":"","ast-disable-related-posts":"","theme-transparent-header-meta":"","adv-header-id-meta":"","stick-header-meta":"","header-above-stick-meta":"","header-main-stick-meta":"","header-below-stick-meta":"","astra-migrate-meta-layouts":"default","ast-page-background-enabled":"default","ast-page-background-meta":{"desktop":{"background-color":"","background-image":"","background-repeat":"repeat","background-position":"center center","background-size":"auto","background-attachment":"scroll","background-type":"","background-media":"","overlay-type":"","overlay-color":"","overlay-opacity":"","overlay-gradient":""},"tablet":{"background-color":"","background-image":"","background-repeat":"repeat","background-position":"center center","background-size":"auto","background-attachment":"scroll","background-type":"","background-media":"","overlay-type":"","overlay-color":"","overlay-opacity":"","overlay-gradient":""},"mobile":{"background-color":"","background-image":"","background-repeat":"repeat","background-position":"center center","background-size":"auto","background-attachment":"scroll","background-type":"","background-media":"","overlay-type":"","overlay-color":"","overlay-opacity":"","overlay-gradient":""}},"ast-content-background-meta":{"desktop":{"background-color":"var(--ast-global-color-5)","background-image":"","background-repeat":"repeat","background-position":"center center","background-size":"auto","background-attachment":"scroll","background-type":"","background-media":"","overlay-type":"","overlay-color":"","overlay-opacity":"","overlay-gradient":""},"tablet":{"background-color":"var(--ast-global-color-5)","background-image":"","background-repeat":"repeat","background-position":"center center","background-size":"auto","background-attachment":"scroll","background-type":"","background-media":"","overlay-type":"","overlay-color":"","overlay-opacity":"","overlay-gradient":""},"mobile":{"background-color":"var(--ast-global-color-5)","background-image":"","background-repeat":"repeat","background-position":"center center","background-size":"auto","background-attachment":"scroll","background-type":"","background-media":"","overlay-type":"","overlay-color":"","overlay-opacity":"","overlay-gradient":""}},"footnotes":""},"class_list":["post-3725","page","type-page","status-publish","hentry"],"jetpack_sharing_enabled":true,"_links":{"self":[{"href":"https:\/\/pradotaxservices.com\/es\/wp-json\/wp\/v2\/pages\/3725","targetHints":{"allow":["GET"]}}],"collection":[{"href":"https:\/\/pradotaxservices.com\/es\/wp-json\/wp\/v2\/pages"}],"about":[{"href":"https:\/\/pradotaxservices.com\/es\/wp-json\/wp\/v2\/types\/page"}],"author":[{"embeddable":true,"href":"https:\/\/pradotaxservices.com\/es\/wp-json\/wp\/v2\/users\/2"}],"replies":[{"embeddable":true,"href":"https:\/\/pradotaxservices.com\/es\/wp-json\/wp\/v2\/comments?post=3725"}],"version-history":[{"count":15,"href":"https:\/\/pradotaxservices.com\/es\/wp-json\/wp\/v2\/pages\/3725\/revisions"}],"predecessor-version":[{"id":3766,"href":"https:\/\/pradotaxservices.com\/es\/wp-json\/wp\/v2\/pages\/3725\/revisions\/3766"}],"wp:attachment":[{"href":"https:\/\/pradotaxservices.com\/es\/wp-json\/wp\/v2\/media?parent=3725"}],"curies":[{"name":"wp","href":"https:\/\/api.w.org\/{rel}","templated":true}]}}